{"id":79,"date":"2009-09-28T14:35:51","date_gmt":"2009-09-28T12:35:51","guid":{"rendered":"http:\/\/beta.tt-staufen.de\/?page_id=79"},"modified":"2020-01-31T20:50:26","modified_gmt":"2020-01-31T19:50:26","slug":"historisches","status":"publish","type":"page","link":"https:\/\/tt-staufen.de\/beta\/bezirksordnung\/historisches\/","title":{"rendered":"Historisches"},"content":{"rendered":"<p>&nbsp;<\/p>\n<p align=\"LEFT\"><strong>Gr\u00fcndungstag 23.November 1957<\/strong><\/p>\n<p>&nbsp;<\/p>\n<p align=\"LEFT\">Schon \u00fcber ein Jahrzehnt bevor der Bezirk Staufen aus der Taufe gehoben wurde flogen in mehreren Vereinen im Kreis G\u00f6ppingen Zelluoidb\u00e4lle \u00fcbers Netz. Einige Vereine haben 1946\/47 am Spielbetrieb im Bezirk Esslingen teilgenommen.<br \/>\nIm Jahr 1947 gr\u00fcndete die TG Geislingen, der TV Altenstadt, der TSGV Albershausen und der SC Weiler eine Tischtennisabteilung. In der Gr\u00fcndungsphase wurden alle Mannschaften zum Spielkreis G\u00f6ppingen\/ Geislingen zusammen gefasst. Diese Konstellation hatte nicht lange Bestand weil die Zahl der Tischtennisabteilungen kontinuierlich stieg. Die Verantwortlichen erkannten die Notwendigkeit den Spielbetrieb anders zu gestalten.<br \/>\nNach einer Reorganisation im Jahr 1950 waren die Geislinger Vereine im Bezirk Ulm und die \u00fcbrigen Kreisvereine im Bezirk Esslingen aktiv. Der TB Eislingen entwickelte sich zwischenzeitlich zur Tischtennishochburg und stieg 1953 in die Oberliga auf. Im selben Jahr war der TB Eislingen Ausrichter der W\u00fcrttembergischen Jugendmeisterschaften, nach den W\u00fcrttembergischen Einzelmeisterschaften 1948 in G\u00f6ppingen das zweite gro\u00dfe Tischtennisereignis im Kreis G\u00f6ppingen.<br \/>\nDer Tischtennissport entwickelte sich rasant und damit auch der Wunsch nach Eigenst\u00e4ndigkeit. Die Initiatoren, allen voran Fritz Biser (TSGV Albershausen) waren am Ziel als am 23.11.1957 im \u201eGoldenen Ochsen\u201c in Eislingen der Bezirk Staufen Realit\u00e4t wurde. In der Geburtsstunde waren 13 Vereine mit 605 Mitgliedern und 33 Mannschaften registriert. Gr\u00fcndungsmitglieder waren: TSGV Albershausen, TV Altenstadt, TSV Boll, SV Ebersbach, TB Eislingen, FV Faurndau, TG Geislingen, FA G\u00f6ppingen, TV Jebenhausen, FTSV Kuchen, TSV S\u00fc\u00dfen, FSV Uhingen und SC Weiler.<br \/>\nDer Vater der Bezirksgr\u00fcndung, Fritz Biser, lenkte die Geschicke des drittkleinsten Bezirk im TTVWH vier Jahre. Beim Bezirkstag 1961 wurde Oskar L. Mai zum neuen Bezirksfachwart gew\u00e4hlt. Der Bezirks Staufen hatte nun einen Fachwart der jungen Generation. Nach siebenj\u00e4hriger T\u00e4tigkeit \u00fcbergab er im Juli 1968 sein Amt an Eugen Bay (TSGV Albershausen) der zwei Jahre an der Spitze des Bezirks stand.<br \/>\nIm Juli 1970 stand beim Bezirkstag in Donzdorf die Wahl des vierten Bezirksfachwart auf der Tagesordnung. Die Wahl von Ernst Keller erwies sich schnell als Gl\u00fccksgriff, unter seiner Leitung registrierte der Bezirk einen kontinuierlichen Aufschwung. Neue Tischtennisabteilungen wurden gegr\u00fcndet, neue Klassen eingef\u00fchrt und der Bezirkstag wurde in einen Aktiven und Jugendbezirkstag aufgeteilt. Ernst Keller verstand es seinen Mitarbeiterstab zu motivieren um bezirksintern Reformen durchzuf\u00fchren. Das Engagement des Bezirkfachwartes beschr\u00e4nkte sich nicht nur auf den organisatorischen und sportlichen Bereich. Auch die \u00d6ffentlichkeitsarbeit stand auf der Bezirksagenda. Um den Informationsfluss an die Vereine und Tischtennisspieler zu optimieren wurde den Vereinen am 5.10.1974 der erste Staufen-Kurier pr\u00e4sentiert. Diese unverzichtbare Informationsquelle sprudelt immer noch. Die Initiativfreude des \u201eBezirkschefs\u201c \u00fcbertrug sich auch auf die Vereine. Das \u201eFA-Denkmal Dieter Pr\u00f6ssler\u201c begr\u00fc\u00dfte im November die S\u00fcddeutsche Tischtenniselite in der Hohenstaufenhalle zur Einzelmeisterschaft. Es folgten die europ\u00e4ischen Jugendmeisterschaften. Sie waren vom 28.Juli bis 4.August 1974 das bisher gr\u00f6\u00dfte sportliche Ereignis im Tischtennisbezirk Staufen.<br \/>\nBeim Bezirkstag 1979 stellte Ernst Keller nach neunj\u00e4hriger T\u00e4tigkeit sein Amt zur Verf\u00fcgung. Weder hier noch am au\u00dferordentlichen Bezirktag neun Wochen sp\u00e4ter konnte ein Nachfolger gefunden werden. Mentalit\u00e4tsbedingt machte Ernst Keller weiter , er konnte ja \u201eseinen\u201c Bezirk nicht im Stich lassen. Bis zum von ihm gew\u00fcnschten F\u00fchrungswechsel am 8. Juli 1983 gelang es ihm, die Zahl der Vereine und Abteilungen von 15 auf 32 zu erh\u00f6hen. Der neugew\u00e4hlte Kurt Neba (TSGV Hattenhofen) trat bereits ein halbes Jahr sp\u00e4ter berufsbedingt zur\u00fcck. Bis zur Neuwahl f\u00fchrte Ernst Dander, seit Jahrzehnten Stellvertreter, die Gesch\u00e4fte kommissarisch weiter.<br \/>\nBeim 17. ordentlichen Bezirktag in Reichenbach\/T\u00e4le \u00fcbernahm Joachim Junger (TSG Eislingen) das Bezirksruder. In seiner Amtszeit als Bezirksjugendwart wurde von den Jugendlichen des Bezirks \u00fcber den Bezirksrand hinaus bei W\u00fcrttembergischen und S\u00fcddeutschen Einzel und Mannschaftsmeisterschaften beachtliche Erfolge erzielt.<br \/>\nAls Joachin Junger 1990 nicht mehr zur Wahl stand, \u00fcbernahm der unverw\u00fcstliche Ernst Keller erneut das Ehrenamt Bezirksfachwart. Seine dritte Amtszeit begann mit der Aufgabe die sportliche Stagnation durch Gespr\u00e4che mit den Vereinen zu beenden. Die ersten Fr\u00fcchte konnte FA G\u00f6ppingen mit der Landesligameisterschaft ernten. Ein besonderer Leckerbissen wurde 1993 geboten. In der Hohenstaufenhalle und in der Parkhaussporthalle tummelten sich vom 30.April bis 2.Mai 380 Spielerinnen und Spieler um den Deutschen Einzelmeister im Seniorenbereich zu ermitteln. Mit der s\u00fcddeutschen Mannschaftsmeisterschaft in der Saison 96\/97 haben die M\u00e4dchen vom TV Rechberghausen f\u00fcr Furore gesorgt. Beachtliche Platzierungen der Rechberghausener M\u00e4dels und der Eislinger Sch\u00fcler bei den Deutschen Meisterschaften zeigten, dass die Tendenz in der Jugend nach oben geht.<br \/>\nNach insgesamt 20j\u00e4hriger T\u00e4tigkeit an der Spitze des Bezirk Staufen ging mit Ernst Keller 1997 ein Mann von Bord der wie kaum eine anderer die Geschichte des Bezirk Staufen beeinflusst hat. Sein langj\u00e4hriger Stellvertreter Wolfgang Ruoff \u00fcbernahm beim 40. ordentlichen Bezirkstag die Regie und bezeichnete die bezirksinterne Jugendarbeit als eine gesellschaftliche Aufgabe um u.a. der zunehmenden Jugendkriminalit\u00e4t in der Gesellschaft entgegenzuwirken. Die \u00fcberragende Jugendarbeit der TSG Eislingen wird mit der Deutschen Meisterschaft belohnt. Die positive Tendenz in der Jugendarbeit blieb stabil, die Jungen vom TSG Eislingen und die M\u00e4dchen vom TV Rechberghausen sind jeweils in die h\u00f6chste Spielklasse aufgestiegen. Besorgt \u00e4u\u00dfert sich der Vorsitzende \u00fcber die Teilnehmerzahlen bei Bezirksveranstaltungen.<br \/>\nNach 30-j\u00e4hriger T\u00e4tigkeit als Kassier trat Jupp Klein von seinem Amt zur\u00fcck.<br \/>\nMoritz H\u00f6ssle verabschiedet sich 2003 nach 26 Jahren als Sportwart des Bezirk Staufen.<br \/>\nMit der Ausrichtung der Deutschen Sch\u00fcler-Mannschaftsmeisterschaft 2003 wurde im Bezirk Staufen (Ausrichter TTG S\u00fcssen) ein hochkar\u00e4tiges Turnier durchgef\u00fchrt. Bei den Deutschen Meisterschaften 2003 in M\u00f6nchengladbach steht der Nachwuchs von der TSG Eislingen ganz oben auf dem Siegerpodest. Im selben Jahre kam es zum Wechsel im Bezirksvorstand, Wolfgang Ruoff stand f\u00fcr eine weiter Amtsperiode nicht mehr zur Verf\u00fcgung.<br \/>\nDer neugew\u00e4hlte Vorsitzende Frank Abert konnte zum Start seiner Amtszeit die Neugr\u00fcndung der Tischtennisabteilung des TSV Ottenbach verk\u00fcnden. Die Anzahl der Vereine stieg damit auf 29. Gegen die Stimmen des Bezirk startet der TTVWH den Ergebnisdienst \u201eclick-TT\u201c.<br \/>\nFrank Abert verabschiedete sich vom Amt des Bezirksvorsitzen nach 4 Jahren.<br \/>\nNach dem 50.Bezirkstag, der am 2.7.07 beim FTSV Kuchen stattfand stand f\u00fcr den Bezirk die Ampel auf rot weil f\u00fcr die F\u00fchrungsposition des Bezirk Staufen kein Kandidat gefunden wurde. Beim au\u00dferordentlichen Bezirkstag am 21.September konnte Peter Gartmann, Vizepr\u00e4sident des Tischtennis-Verbandes W\u00fcrttemberg die Ampel wieder auf gr\u00fcn stellen. Mit Hans-J\u00f6rg Sautter konnte ein Kenner der Szene f\u00fcr das verwaiste Amt gefunden werden.<\/p>\n<p>&nbsp;<\/p>\n<p align=\"LEFT\"><strong>Der Bezirksvorstand im Jubil\u00e4umsjahr<\/strong><\/p>\n<div>\n<table width=\"100%\" cellspacing=\"1\" border=\"0\">\n<tbody>\n<tr>\n<td width=\"24%\"><span style=\"font-family: Arial;\">Ehrenvorsitzender:<\/span><\/td>\n<td width=\"20%\"><span style=\"font-family: Arial;\">Ernst Keller <\/span><\/td>\n<td width=\"56%\"><span style=\"font-family: Arial;\">TTG S\u00fcssen<\/span><\/td>\n<\/tr>\n<tr>\n<td width=\"24%\"><span style=\"font-family: Arial;\">Bezirksvorsitzender:<\/span><\/td>\n<td width=\"20%\"><span style=\"font-family: Arial;\">Hans-J\u00f6rg Sautter<\/span><\/td>\n<td width=\"56%\"><span style=\"font-family: Arial;\">TTG S\u00fcssen<\/span><\/td>\n<\/tr>\n<tr>\n<td width=\"24%\"><span style=\"font-family: Arial;\">Stellvertreter:<\/span><\/td>\n<td width=\"20%\"><span style=\"font-family: Arial;\">Peter Hahn<\/span><\/td>\n<td width=\"56%\"><span style=\"font-family: Arial;\">TV Deggingen<\/span><\/td>\n<\/tr>\n<tr>\n<td width=\"24%\"><span style=\"font-family: Arial;\">Kassenwart:<\/span><\/td>\n<td width=\"20%\"><span style=\"font-family: Arial;\">Dieter Gr\u00fcnenwald<\/span><\/td>\n<td width=\"56%\"><span style=\"font-family: Arial;\">TTC Uhingen<\/span><\/td>\n<\/tr>\n<tr>\n<td width=\"24%\"><span style=\"font-family: Arial;\">Ressortleiter Mannschaftssport:<\/span><\/td>\n<td width=\"20%\"><span style=\"font-family: Arial;\">&nbsp;Robert Saller<\/span><\/td>\n<td width=\"56%\"><span style=\"font-family: Arial;\">SC Weiler<\/span><\/td>\n<\/tr>\n<tr>\n<td width=\"24%\"><span style=\"font-family: Arial;\">Ressortleiter Einzelsport:<\/span><\/td>\n<td width=\"20%\"><span style=\"font-family: Arial;\">Martin Munz<\/span><\/td>\n<td width=\"56%\"><span style=\"font-family: Arial;\">TTV Zell<\/span><\/td>\n<\/tr>\n<tr>\n<td width=\"24%\"><span style=\"font-family: Arial;\">Pressewart:<\/span><\/td>\n<td width=\"20%\"><span style=\"font-family: Arial;\">Martin Feder<\/span><\/td>\n<td width=\"56%\"><span style=\"font-family: Arial;\">TG Donzdorf<\/span><\/td>\n<\/tr>\n<tr>\n<td width=\"24%\"><span style=\"font-family: Arial;\">Bezirksjugendwart:<\/span><\/td>\n<td width=\"20%\"><span style=\"font-family: Arial;\">Dr. Jochen Regelmann<\/span><\/td>\n<td width=\"56%\"><span style=\"font-family: Arial;\">TSG Eislingen<\/span><\/td>\n<\/tr>\n<tr>\n<td width=\"24%\"><span style=\"font-family: Arial;\">Stellvertreter:<\/span><\/td>\n<td width=\"20%\"><span style=\"font-family: Arial;\">Karin Grimm<\/span><\/td>\n<td width=\"56%\"><span style=\"font-family: Arial;\">TSG Eislingen<\/span><\/td>\n<\/tr>\n<tr>\n<td width=\"24%\"><span style=\"font-family: Arial;\">Sch\u00fclerwart:<\/span><\/td>\n<td width=\"20%\"><span style=\"font-family: Arial;\">Werner Fleck<\/span><\/td>\n<td width=\"56%\"><span style=\"font-family: Arial;\">TGV Rossw\u00e4lden<\/span><\/td>\n<\/tr>\n<tr>\n<td width=\"24%\"><span style=\"font-family: Arial;\">Pokalspielleiter:<\/span><\/td>\n<td width=\"20%\"><span style=\"font-family: Arial;\">Werner Richer<\/span><\/td>\n<td width=\"56%\"><span style=\"font-family: Arial;\">SC Weiler<\/span><\/td>\n<\/tr>\n<tr>\n<td width=\"24%\"><span style=\"font-family: Arial;\">Ressortleiter Senioren:<\/span><\/td>\n<td width=\"20%\"><span style=\"font-family: Arial;\">Gerhard Weber<\/span><\/td>\n<td width=\"56%\"><span style=\"font-family: Arial;\">TSG Eislingen<\/span><\/td>\n<\/tr>\n<tr>\n<td width=\"24%\"><span style=\"font-family: Arial;\">Schiedsrichterobmann:<\/span><\/td>\n<td width=\"20%\"><span style=\"font-family: Arial;\">Sven Weiland<\/span><\/td>\n<td width=\"56%\"><span style=\"font-family: Arial;\">TSV Schlierbach<\/span><\/td>\n<\/tr>\n<tr>\n<td width=\"24%\"><span style=\"font-family: Arial;\">Internetbetreuer:<\/span><\/td>\n<td width=\"20%\"><span style=\"font-family: Arial;\">J\u00f6rg Beck<\/span><\/td>\n<td width=\"56%\"><span style=\"font-family: Arial;\">TG Donzdorf<\/span><\/td>\n<\/tr>\n<tr>\n<td width=\"24%\"><span style=\"font-family: Arial;\">Mannschaftssport Jugend:<\/span><\/td>\n<td width=\"20%\"><span style=\"font-family: Arial;\">Uwe Koronai<\/span><\/td>\n<td width=\"56%\"><span style=\"font-family: Arial;\">TTC Uhingen<\/span><\/td>\n<\/tr>\n<tr>\n<td width=\"24%\"><span style=\"font-family: Arial;\">Einzelsport Jugend:<\/span><\/td>\n<td width=\"20%\"><span style=\"font-family: Arial;\">Ralf Schneider<\/span><\/td>\n<td width=\"56%\"><span style=\"font-family: Arial;\">TSG Eislingen<\/span><\/td>\n<\/tr>\n<tr>\n<td width=\"24%\"><span style=\"font-family: Arial;\">Breitensportbeauftragter:<\/span><\/td>\n<td width=\"20%\"><span style=\"font-family: Arial;\">Manuel Schweizer<\/span><\/td>\n<td width=\"56%\"><span style=\"font-family: Arial;\">TV Altenstadt<\/span><\/td>\n<\/tr>\n<\/tbody>\n<\/table>\n<p>&nbsp;<\/p>\n<\/div>\n<p align=\"center\"><span style=\"font-family: Arial;\">25.11.07 Martin Feder<\/span> (<span style=\"font-family: Arial;\">Pressewart)<\/span><\/p>\n","protected":false},"excerpt":{"rendered":"<p>&nbsp; Gr\u00fcndungstag 23.November 1957 &nbsp; Schon \u00fcber ein Jahrzehnt bevor der Bezirk Staufen aus der Taufe gehoben wurde flogen in&hellip;<\/p>\n","protected":false},"author":1,"featured_media":0,"parent":76,"menu_order":0,"comment_status":"closed","ping_status":"closed","template":"","meta":{"ngg_post_thumbnail":0,"footnotes":"","_links_to":"","_links_to_target":""},"class_list":["post-79","page","type-page","status-publish","hentry"],"_links":{"self":[{"href":"https:\/\/tt-staufen.de\/beta\/wp-json\/wp\/v2\/pages\/79","targetHints":{"allow":["GET"]}}],"collection":[{"href":"https:\/\/tt-staufen.de\/beta\/wp-json\/wp\/v2\/pages"}],"about":[{"href":"https:\/\/tt-staufen.de\/beta\/wp-json\/wp\/v2\/types\/page"}],"author":[{"embeddable":true,"href":"https:\/\/tt-staufen.de\/beta\/wp-json\/wp\/v2\/users\/1"}],"replies":[{"embeddable":true,"href":"https:\/\/tt-staufen.de\/beta\/wp-json\/wp\/v2\/comments?post=79"}],"version-history":[{"count":4,"href":"https:\/\/tt-staufen.de\/beta\/wp-json\/wp\/v2\/pages\/79\/revisions"}],"predecessor-version":[{"id":8223,"href":"https:\/\/tt-staufen.de\/beta\/wp-json\/wp\/v2\/pages\/79\/revisions\/8223"}],"up":[{"embeddable":true,"href":"https:\/\/tt-staufen.de\/beta\/wp-json\/wp\/v2\/pages\/76"}],"wp:attachment":[{"href":"https:\/\/tt-staufen.de\/beta\/wp-json\/wp\/v2\/media?parent=79"}],"curies":[{"name":"wp","href":"https:\/\/api.w.org\/{rel}","templated":true}]}}