{"id":85,"date":"2009-09-28T15:42:16","date_gmt":"2009-09-28T13:42:16","guid":{"rendered":"http:\/\/beta.tt-staufen.de\/?page_id=85"},"modified":"2013-06-28T21:35:21","modified_gmt":"2013-06-28T19:35:21","slug":"links","status":"publish","type":"page","link":"https:\/\/tt-staufen.de\/beta\/links\/","title":{"rendered":"Links"},"content":{"rendered":"<p style=\"text-align: center;\"><strong>Haftungshinweis:<\/strong><br \/>\n<span style=\"color: #000000;\">Trotz sorgf\u00e4ltiger inhaltlicher Kontrolle \u00fcbernehmen wir keine Haftung f\u00fcr<br \/>\n<\/span><span style=\"color: #000000;\">die Inhalte externer Links.<br \/>\nF\u00fcr den Inhalt der verlinkten Seiten sind ausschlie\u00dflich deren Betreiber verantwortlich.<\/span><\/p>\n<h3><span style=\"text-decoration: underline;\"><strong>national &#8211; international<\/strong><\/span><\/h3>\n<ul>\n<li><strong><span style=\"font-family: Arial;\"><a href=\"http:\/\/www.ittf.com\/\" target=\"_blank\">ITTF<\/a> I<a href=\"http:\/\/www.ittf.com\/\" target=\"_blank\">nternational Table Tennis Federation<\/a><\/span><\/strong><\/li>\n<li><strong><span style=\"font-family: Arial;\"><a href=\"http:\/\/www.ettu.org\/\" target=\"_blank\">ETTU European Table Tenis Union<\/a><\/span><\/strong><\/li>\n<li><strong><span style=\"font-family: Arial;\"><a href=\"http:\/\/www.tischtennis.de\/\" target=\"blank\">DTTB Deutscher Tischtennis Bund<\/a><\/span><\/strong><\/li>\n<\/ul>\n<h3><span style=\"text-decoration: underline;\">Landesverb\u00e4nde<\/span><\/h3>\n<ul>\n<li><strong><span style=\"font-family: Arial;\"><a href=\"http:\/\/www.badischer-tischtennisverband.de\/\" target=\"_blank\">Badischer Tischtennisverband<\/a><\/span><\/strong><\/li>\n<li><strong><span style=\"font-family: Arial;\"><a href=\"http:\/\/www.bttv.de\/\" target=\"_blank\">Bayerischer Tischtennisverband<\/a><\/span><\/strong><\/li>\n<li><strong><span style=\"font-family: Arial;\"><a href=\"http:\/\/www.bettv.de\/\" target=\"_blank\">Berliner Tischtennisverband<\/a><\/span><\/strong><\/li>\n<li><strong><span style=\"font-family: Arial;\"><a href=\"http:\/\/www.ttvb.de\/\" target=\"_blank\">Tischtennisverband Brandenburg<\/a><\/span><\/strong><\/li>\n<li><strong><span style=\"font-family: Arial;\"><a href=\"http:\/\/www.fttb.de\/\" target=\"_blank\">Fachverband Tischtennis Bremen<\/a><\/span><\/strong><\/li>\n<li><strong><span style=\"font-family: Arial;\"><a href=\"http:\/\/www.tt-maximus.de\/\" target=\"_blank\">Hamburger Tischtennisverband<\/a><\/span><\/strong><\/li>\n<li><strong><span style=\"font-family: Arial;\"><a href=\"http:\/\/www.httv.de\/\" target=\"_blank\">Hessischer Tischtennisverband<\/a><\/span><\/strong><\/li>\n<li><strong><span style=\"font-family: Arial;\"><a href=\"http:\/\/www.ttvmv.deu\/\" target=\"_blank\">Tischtennisverband Mecklenburg-Vorpommern<\/a><\/span><\/strong><\/li>\n<li><span><strong><a href=\"http:\/\/ttvn.de\/\" target=\"_blank\"><span style=\"font-family: Arial;\">Nieders\u00e4chsischer Tischtennisverband<\/span><\/a><\/strong><\/span><\/li>\n<li><strong><span style=\"font-family: Arial;\"><a href=\"http:\/\/pttv.de\/\" target=\"_blank\">Pf\u00e4lzischer Tischtennisverband<\/a><\/span><\/strong><\/li>\n<li><strong><span style=\"font-family: Arial;\"><a href=\"http:\/\/rttv.de\/\" target=\"_blank\">Rheinhessischer Tischtennisverband<\/a><\/span><\/strong><\/li>\n<li><strong><span style=\"font-family: Arial;\"><a href=\"http:\/\/ttvr.de\/\" target=\"_blank\">Tischtennisverband Rheinland<\/a><\/span><\/strong><\/li>\n<li><strong><span style=\"font-family: Arial;\"><a href=\"http:\/\/www.sttb.de\/\" target=\"_blank\">Saarl\u00e4ndischer Tischtennisverband<\/a><\/span><\/strong><\/li>\n<li><strong><span style=\"font-family: Arial;\"><a href=\"http:\/\/sttv.de\/\" target=\"_blank\">S\u00e4chsischer Tischtennisverband<\/a><\/span><\/strong><\/li>\n<li><strong><span style=\"font-family: Arial;\"><a href=\"http:\/\/ttvsh.de\/\" target=\"_blank\">Tischtennisverband Schleswig-Holstein<\/a><\/span><\/strong><\/li>\n<li><strong><span style=\"font-family: Arial;\"><a href=\"http:\/\/sbttv.de\/\" target=\"_blank\">S\u00fcdbadischer Tischtennisverband<\/a><\/span><\/strong><\/li>\n<li><strong><span style=\"font-family: Arial;\"><a href=\"http:\/\/ttvsa.de\/\" target=\"_blank\">Tischtennisverband Sachsen-Anhalt<\/a><\/span><\/strong><\/li>\n<li><strong><span style=\"font-family: Arial;\"><a href=\"http:\/\/wttv.de\/\" target=\"_blank\">Westdeutscher Tischtennisverband<\/a><\/span><\/strong><\/li>\n<li><strong><span style=\"font-family: Arial;\"><a href=\"http:\/\/www.ttvwh.de\/\" target=\"_blank\">Tischtennisverband W\u00fcrttemberg-Hohenzollern<\/a><\/span><\/strong><\/li>\n<\/ul>\n<h3><span style=\"text-decoration: underline;\">Regionalverb\u00e4nde<\/span><\/h3>\n<ul>\n<li><strong><span style=\"font-family: Arial;\"><a href=\"http:\/\/www.nttv.de\/\" target=\"_blank\">Norddeutscher Tischtennisverband<\/a><\/span><\/strong><\/li>\n<li><strong><span style=\"font-family: Arial;\"><a href=\"http:\/\/www.wttv.de\/\" target=\"_blank\">Westdeutscher Tischtennisverband<\/a><\/span><\/strong><\/li>\n<li><strong><span style=\"font-family: Arial;\"><a href=\"http:\/\/www.swttv.de\/\" target=\"_blank\">S\u00fcdwestdeutscher Tischtennisverband<\/a><\/span><\/strong><\/li>\n<li><strong><span style=\"font-family: Arial;\"><a href=\"http:\/\/suedttv.ttvwh.de\/\" target=\"_blank\">S\u00fcddeutscher Tischtennisverband<\/a><\/span><\/strong><\/li>\n<\/ul>\n","protected":false},"excerpt":{"rendered":"<p>Haftungshinweis: Trotz sorgf\u00e4ltiger inhaltlicher Kontrolle \u00fcbernehmen wir keine Haftung f\u00fcr die Inhalte externer Links. F\u00fcr den Inhalt der verlinkten Seiten&hellip;<\/p>\n","protected":false},"author":1,"featured_media":0,"parent":0,"menu_order":9,"comment_status":"closed","ping_status":"closed","template":"","meta":{"ngg_post_thumbnail":0,"footnotes":"","_links_to":"","_links_to_target":""},"class_list":["post-85","page","type-page","status-publish","hentry"],"_links":{"self":[{"href":"https:\/\/tt-staufen.de\/beta\/wp-json\/wp\/v2\/pages\/85","targetHints":{"allow":["GET"]}}],"collection":[{"href":"https:\/\/tt-staufen.de\/beta\/wp-json\/wp\/v2\/pages"}],"about":[{"href":"https:\/\/tt-staufen.de\/beta\/wp-json\/wp\/v2\/types\/page"}],"author":[{"embeddable":true,"href":"https:\/\/tt-staufen.de\/beta\/wp-json\/wp\/v2\/users\/1"}],"replies":[{"embeddable":true,"href":"https:\/\/tt-staufen.de\/beta\/wp-json\/wp\/v2\/comments?post=85"}],"version-history":[{"count":7,"href":"https:\/\/tt-staufen.de\/beta\/wp-json\/wp\/v2\/pages\/85\/revisions"}],"predecessor-version":[{"id":893,"href":"https:\/\/tt-staufen.de\/beta\/wp-json\/wp\/v2\/pages\/85\/revisions\/893"}],"wp:attachment":[{"href":"https:\/\/tt-staufen.de\/beta\/wp-json\/wp\/v2\/media?parent=85"}],"curies":[{"name":"wp","href":"https:\/\/api.w.org\/{rel}","templated":true}]}}