{"id":94,"date":"2009-09-28T17:55:31","date_gmt":"2009-09-28T15:55:31","guid":{"rendered":"http:\/\/beta.tt-staufen.de\/?page_id=94"},"modified":"2020-01-30T20:51:50","modified_gmt":"2020-01-30T19:51:50","slug":"impressum","status":"publish","type":"page","link":"https:\/\/tt-staufen.de\/beta\/impressum\/","title":{"rendered":"Impressum"},"content":{"rendered":"<p><strong><span style=\"font-family: Verdana,Arial,Helvetica,sans-serif;\">Verantwortlich f\u00fcr den Inhalt:<\/span><\/strong><br \/>\n<span style=\"font-family: Verdana,Arial,Helvetica,sans-serif;\">Internetbetreuer des TT-Bezirks Staufen<\/span><br \/>\n<span style=\"font-family: Verdana,Arial,Helvetica,sans-serif;\">Sven Hofer<\/span><br \/>\n<span style=\"font-family: Verdana,Arial,Helvetica,sans-serif;\">E-Mail: <a href=\"mailto:w&#101;bmas&#116;er&#064;&#116;&#116;-stauf&#101;n&#046;&#100;&#101;\">&#119;&#101;&#98;&#109;&#97;&#115;ter&#64;&#116;&#116;&#45;&#115;&#116;a&#117;fen.&#100;&#101;<\/a> <\/a><\/span><\/p>\n<p><span style=\"font-family: Verdana,Arial,Helvetica,sans-serif;\">Alle Informationen dienen zur pers\u00f6nlichen Information &#8211; eine kommerzielle Nutzung der Inhalte,<\/span><br \/>\n<span style=\"font-family: Verdana,Arial,Helvetica,sans-serif;\">Bilder, Informationen, redaktionellen Beschreibungen, der Strukturierung usw. ist nicht erlaubt.<\/span><\/p>\n<p><span style=\"font-family: Verdana,Arial,Helvetica,sans-serif;\">Die auf dieser Internet-Pr\u00e4senz ver\u00f6ffentlichten Texte, Bilder und Informationen sind zum Teil urheberrechtlich gesch\u00fctzt.<\/span><br \/>\n<span style=\"font-family: Verdana,Arial,Helvetica,sans-serif;\">F\u00fcr Fehler im Text, in Erkl\u00e4rungen und Darstellungen oder falsche Links wird keine Haftung \u00fcbernommen.<\/span><br \/>\n<span style=\"font-family: Verdana,Arial,Helvetica,sans-serif;\">Der Tischtennisbezirk Staufen \u00fcbernimmt auch keinerlei Haftung f\u00fcr die Inhalte der als Links aufgef\u00fchrten Internetangebote.<\/span><\/p>\n","protected":false},"excerpt":{"rendered":"<p>Verantwortlich f\u00fcr den Inhalt: Internetbetreuer des TT-Bezirks Staufen Sven Hofer E-Mail: Alle Informationen dienen zur pers\u00f6nlichen Information &#8211; eine kommerzielle&hellip;<\/p>\n","protected":false},"author":1,"featured_media":0,"parent":0,"menu_order":10,"comment_status":"closed","ping_status":"closed","template":"","meta":{"ngg_post_thumbnail":0,"footnotes":"","_links_to":"","_links_to_target":""},"class_list":["post-94","page","type-page","status-publish","hentry"],"_links":{"self":[{"href":"https:\/\/tt-staufen.de\/beta\/wp-json\/wp\/v2\/pages\/94","targetHints":{"allow":["GET"]}}],"collection":[{"href":"https:\/\/tt-staufen.de\/beta\/wp-json\/wp\/v2\/pages"}],"about":[{"href":"https:\/\/tt-staufen.de\/beta\/wp-json\/wp\/v2\/types\/page"}],"author":[{"embeddable":true,"href":"https:\/\/tt-staufen.de\/beta\/wp-json\/wp\/v2\/users\/1"}],"replies":[{"embeddable":true,"href":"https:\/\/tt-staufen.de\/beta\/wp-json\/wp\/v2\/comments?post=94"}],"version-history":[{"count":8,"href":"https:\/\/tt-staufen.de\/beta\/wp-json\/wp\/v2\/pages\/94\/revisions"}],"predecessor-version":[{"id":8050,"href":"https:\/\/tt-staufen.de\/beta\/wp-json\/wp\/v2\/pages\/94\/revisions\/8050"}],"wp:attachment":[{"href":"https:\/\/tt-staufen.de\/beta\/wp-json\/wp\/v2\/media?parent=94"}],"curies":[{"name":"wp","href":"https:\/\/api.w.org\/{rel}","templated":true}]}}